{"id":49095,"date":"2022-07-25T16:39:29","date_gmt":"2022-07-25T14:39:29","guid":{"rendered":"https:\/\/tanweir.net\/?page_id=49095"},"modified":"2023-10-22T23:10:22","modified_gmt":"2023-10-22T21:10:22","slug":"blog-es","status":"publish","type":"page","link":"https:\/\/tanweir.net\/es\/blog-es","title":{"rendered":"Blog"},"content":{"rendered":"<section  class='av_textblock_section av-lo1yq8g5-eb9d1b78f8b0156b79e7518acb8116dd '  ><div class='avia_textblock' ><h1 style=\"text-align: center;\">Archives principales du blog<\/h1>\n<\/div><\/section>\n<section  class='av_textblock_section av-av_textblock-b1dfba9bd0fa17a76984708495577984 '  ><div class='avia_textblock' ><\/div><\/section>\n<div  data-slideshow-options=\"{&quot;animation&quot;:&quot;fade&quot;,&quot;autoplay&quot;:false,&quot;loop_autoplay&quot;:&quot;once&quot;,&quot;interval&quot;:5,&quot;loop_manual&quot;:&quot;manual-endless&quot;,&quot;autoplay_stopper&quot;:false,&quot;noNavigation&quot;:false,&quot;show_slide_delay&quot;:90}\" class='avia-content-slider avia-content-grid-active avia-content-slider1 avia-content-slider-odd  avia-builder-el-2  el_after_av_textblock  avia-builder-el-last  av-slideshow-ui av-control-default   av-no-slider-navigation av-slideshow-manual av-loop-once av-loop-manual-endless ' ><div class=\"avia-content-slider-inner\"><div class=\"slide-entry-wrap\"><article class='slide-entry flex_column  post-entry post-entry-48997 slide-entry-overview slide-loop-1 slide-parity-odd  av_one_third first real-thumbnail posttype-post post-format-standard' ><a href='https:\/\/tanweir.net\/es\/cuenta-de-netflix' data-rel='slide-1' class='slide-image' title='Cuenta y contrase\u00f1as de Netflix gratuitas para 2025 (Funcionamiento al 100%) Lista de cuentas premium de Netflix para hoy'><img decoding=\"async\" width=\"495\" height=\"400\" src=\"https:\/\/tanweir.net\/wp-content\/uploads\/2022\/07\/freestocks-11SgH7U6TmI-unsplash-495x400.jpg\" class=\"wp-image-49001 avia-img-lazy-loading-not-49001 attachment-portfolio size-portfolio wp-post-image\" alt=\"cuenta de netflix\" srcset=\"https:\/\/tanweir.net\/wp-content\/uploads\/2022\/07\/freestocks-11SgH7U6TmI-unsplash-495x400.jpg 495w, https:\/\/tanweir.net\/wp-content\/uploads\/2022\/07\/freestocks-11SgH7U6TmI-unsplash-845x684.jpg 845w\" sizes=\"(max-width: 495px) 100vw, 495px\" \/><\/a><div class=\"slide-content\"><header class=\"entry-content-header\"><h3 class='slide-entry-title entry-title ' ><a href='https:\/\/tanweir.net\/es\/cuenta-de-netflix' title='Cuenta y contrase\u00f1as de Netflix gratuitas para 2025 (Funcionamiento al 100%) Lista de cuentas premium de Netflix para hoy'>Cuenta y contrase\u00f1as de Netflix gratuitas para 2025 (Funcionamiento al 100%) Lista de cuentas premium de Netflix para hoy<\/a><\/h3><span class=\"blog-categories minor-meta\"><a href=\"https:\/\/tanweir.net\/es\/peliculas\" rel=\"tag\">pel\u00edculas<\/a>, <a href=\"https:\/\/tanweir.net\/translation-service\" rel=\"tag\">Translation services<\/a> <\/span><span class=\"av-vertical-delimiter\"><\/span><\/header><\/div><footer class=\"entry-footer\"><\/footer><\/article><article class='slide-entry flex_column  post-entry post-entry-49559 slide-entry-overview slide-loop-2 slide-parity-even  av_one_third  real-thumbnail posttype-post post-format-standard' ><a href='https:\/\/tanweir.net\/es\/peliculas-espanolas-con-subtitulos' data-rel='slide-1' class='slide-image' title='Las mejores pel\u00edculas espa\u00f1olas con subt\u00edtulos en ingl\u00e9s'><img decoding=\"async\" width=\"495\" height=\"400\" src=\"https:\/\/tanweir.net\/wp-content\/uploads\/2022\/08\/tech-daily-PGuCnUzsRSM-unsplash-1-495x400.jpg\" class=\"wp-image-49579 avia-img-lazy-loading-not-49579 attachment-portfolio size-portfolio wp-post-image\" alt=\"pel\u00edculas espa\u00f1olas con subt\u00edtulos en ingl\u00e9s\" srcset=\"https:\/\/tanweir.net\/wp-content\/uploads\/2022\/08\/tech-daily-PGuCnUzsRSM-unsplash-1-495x400.jpg 495w, https:\/\/tanweir.net\/wp-content\/uploads\/2022\/08\/tech-daily-PGuCnUzsRSM-unsplash-1-845x684.jpg 845w\" sizes=\"(max-width: 495px) 100vw, 495px\" \/><\/a><div class=\"slide-content\"><header class=\"entry-content-header\"><h3 class='slide-entry-title entry-title ' ><a href='https:\/\/tanweir.net\/es\/peliculas-espanolas-con-subtitulos' title='Las mejores pel\u00edculas espa\u00f1olas con subt\u00edtulos en ingl\u00e9s'>Las mejores pel\u00edculas espa\u00f1olas con subt\u00edtulos en ingl\u00e9s<\/a><\/h3><span class=\"blog-categories minor-meta\"><a href=\"https:\/\/tanweir.net\/es\/peliculas\" rel=\"tag\">pel\u00edculas<\/a> <\/span><span class=\"av-vertical-delimiter\"><\/span><\/header><\/div><footer class=\"entry-footer\"><\/footer><\/article><article class='slide-entry flex_column  post-entry post-entry-57840 slide-entry-overview slide-loop-3 slide-parity-odd  av_one_third  real-thumbnail posttype-post post-format-standard' ><a href='https:\/\/tanweir.net\/es\/cuentas-gratuitas-de-hulu' data-rel='slide-1' class='slide-image' title='Cuentas gratuitas de Hulu 2025'><img decoding=\"async\" width=\"495\" height=\"360\" src=\"https:\/\/tanweir.net\/wp-content\/uploads\/2023\/03\/Untitled-630-\u00d7-360-px-5-495x360.jpg\" class=\"wp-image-57850 avia-img-lazy-loading-not-57850 attachment-portfolio size-portfolio wp-post-image\" alt=\"Cuentas gratuitas de Hulu\" \/><\/a><div class=\"slide-content\"><header class=\"entry-content-header\"><h3 class='slide-entry-title entry-title ' ><a href='https:\/\/tanweir.net\/es\/cuentas-gratuitas-de-hulu' title='Cuentas gratuitas de Hulu 2025'>Cuentas gratuitas de Hulu 2025<\/a><\/h3><span class=\"blog-categories minor-meta\"><a href=\"https:\/\/tanweir.net\/es\/peliculas\" rel=\"tag\">pel\u00edculas<\/a> <\/span><span class=\"av-vertical-delimiter\"><\/span><\/header><\/div><footer class=\"entry-footer\"><\/footer><\/article><\/div><div class=\"slide-entry-wrap\"><article class='slide-entry flex_column  post-entry post-entry-49523 slide-entry-overview slide-loop-4 slide-parity-odd  av_one_third first real-thumbnail posttype-post post-format-standard' ><a href='https:\/\/tanweir.net\/es\/sitios-de-peliculas-gratuitos' data-rel='slide-1' class='slide-image' title='Los 33 mejores sitios de streaming de pel\u00edculas gratuitos en l\u00ednea 2025'><img decoding=\"async\" width=\"495\" height=\"400\" src=\"https:\/\/tanweir.net\/wp-content\/uploads\/2022\/08\/libby-penner-8zsBofKrhP8-unsplash-495x400.jpg\" class=\"wp-image-49572 avia-img-lazy-loading-not-49572 attachment-portfolio size-portfolio wp-post-image\" alt=\"sitios de streaming de pel\u00edculas gratuitos\" srcset=\"https:\/\/tanweir.net\/wp-content\/uploads\/2022\/08\/libby-penner-8zsBofKrhP8-unsplash-495x400.jpg 495w, https:\/\/tanweir.net\/wp-content\/uploads\/2022\/08\/libby-penner-8zsBofKrhP8-unsplash-845x684.jpg 845w\" sizes=\"(max-width: 495px) 100vw, 495px\" \/><\/a><div class=\"slide-content\"><header class=\"entry-content-header\"><h3 class='slide-entry-title entry-title ' ><a href='https:\/\/tanweir.net\/es\/sitios-de-peliculas-gratuitos' title='Los 33 mejores sitios de streaming de pel\u00edculas gratuitos en l\u00ednea 2025'>Los 33 mejores sitios de streaming de pel\u00edculas gratuitos en l\u00ednea 2025<\/a><\/h3><span class=\"blog-categories minor-meta\"><a href=\"https:\/\/tanweir.net\/es\/peliculas\" rel=\"tag\">pel\u00edculas<\/a> <\/span><span class=\"av-vertical-delimiter\"><\/span><\/header><\/div><footer class=\"entry-footer\"><\/footer><\/article><article class='slide-entry flex_column  post-entry post-entry-48781 slide-entry-overview slide-loop-5 slide-parity-even  av_one_third  real-thumbnail posttype-post post-format-standard' ><a href='https:\/\/tanweir.net\/es\/sites-de-filmes-arabes' data-rel='slide-1' class='slide-image' title='Os 9 principais sites de filmes \u00e1rabes gratuitos em 2025'><img decoding=\"async\" width=\"495\" height=\"400\" src=\"https:\/\/tanweir.net\/wp-content\/uploads\/2022\/07\/mouaadh-tobok-9nii8cDFvrQ-unsplash-3-495x400.jpg\" class=\"wp-image-48783 avia-img-lazy-loading-not-48783 attachment-portfolio size-portfolio wp-post-image\" alt=\"site gratuito de filmes \u00e1rabes\" srcset=\"https:\/\/tanweir.net\/wp-content\/uploads\/2022\/07\/mouaadh-tobok-9nii8cDFvrQ-unsplash-3-495x400.jpg 495w, https:\/\/tanweir.net\/wp-content\/uploads\/2022\/07\/mouaadh-tobok-9nii8cDFvrQ-unsplash-3-845x684.jpg 845w\" sizes=\"(max-width: 495px) 100vw, 495px\" \/><\/a><div class=\"slide-content\"><header class=\"entry-content-header\"><h3 class='slide-entry-title entry-title ' ><a href='https:\/\/tanweir.net\/es\/sites-de-filmes-arabes' title='Os 9 principais sites de filmes \u00e1rabes gratuitos em 2025'>Os 9 principais sites de filmes \u00e1rabes gratuitos em 2025<\/a><\/h3><span class=\"blog-categories minor-meta\"><a href=\"https:\/\/tanweir.net\/es\/peliculas\" rel=\"tag\">pel\u00edculas<\/a>, <a href=\"https:\/\/tanweir.net\/world\" rel=\"tag\">World<\/a> <\/span><span class=\"av-vertical-delimiter\"><\/span><\/header><\/div><footer class=\"entry-footer\"><\/footer><\/article><article class='slide-entry flex_column  post-entry post-entry-48758 slide-entry-overview slide-loop-6 slide-parity-odd  av_one_third  real-thumbnail posttype-post post-format-standard' ><a href='https:\/\/tanweir.net\/es\/peliculas-arabes' data-rel='slide-1' class='slide-image' title='Los 9 mejores sitios web gratuitos de pel\u00edculas \u00e1rabes 2025'><img decoding=\"async\" width=\"495\" height=\"400\" src=\"https:\/\/tanweir.net\/wp-content\/uploads\/2022\/07\/mouaadh-tobok-9nii8cDFvrQ-unsplash-495x400.jpg\" class=\"wp-image-48761 avia-img-lazy-loading-not-48761 attachment-portfolio size-portfolio wp-post-image\" alt=\"Traditional Qatari Dishes\" srcset=\"https:\/\/tanweir.net\/wp-content\/uploads\/2022\/07\/mouaadh-tobok-9nii8cDFvrQ-unsplash-495x400.jpg 495w, https:\/\/tanweir.net\/wp-content\/uploads\/2022\/07\/mouaadh-tobok-9nii8cDFvrQ-unsplash-845x684.jpg 845w\" sizes=\"(max-width: 495px) 100vw, 495px\" \/><\/a><div class=\"slide-content\"><header class=\"entry-content-header\"><h3 class='slide-entry-title entry-title ' ><a href='https:\/\/tanweir.net\/es\/peliculas-arabes' title='Los 9 mejores sitios web gratuitos de pel\u00edculas \u00e1rabes 2025'>Los 9 mejores sitios web gratuitos de pel\u00edculas \u00e1rabes 2025<\/a><\/h3><span class=\"blog-categories minor-meta\"><a href=\"https:\/\/tanweir.net\/es\/peliculas\" rel=\"tag\">pel\u00edculas<\/a>, <a href=\"https:\/\/tanweir.net\/world\" rel=\"tag\">World<\/a> <\/span><span class=\"av-vertical-delimiter\"><\/span><\/header><\/div><footer class=\"entry-footer\"><\/footer><\/article><\/div><div class=\"slide-entry-wrap\"><article class='slide-entry flex_column  post-entry post-entry-52583 slide-entry-overview slide-loop-7 slide-parity-odd  av_one_third first real-thumbnail posttype-post post-format-standard' ><a href='https:\/\/tanweir.net\/es\/hbo-cuentas-gratis' data-rel='slide-1' class='slide-image' title='m\u00e1s de 99 HBO cuentas gratis Diciembre de 2025 [100% operativas]'><img decoding=\"async\" width=\"495\" height=\"400\" src=\"https:\/\/tanweir.net\/wp-content\/uploads\/2022\/11\/tech-daily-PGuCnUzsRSM-unsplash-495x400.jpg\" class=\"wp-image-52594 avia-img-lazy-loading-not-52594 attachment-portfolio size-portfolio wp-post-image\" alt=\"HBO Cuentas GRATIS\" srcset=\"https:\/\/tanweir.net\/wp-content\/uploads\/2022\/11\/tech-daily-PGuCnUzsRSM-unsplash-495x400.jpg 495w, https:\/\/tanweir.net\/wp-content\/uploads\/2022\/11\/tech-daily-PGuCnUzsRSM-unsplash-845x684.jpg 845w\" sizes=\"(max-width: 495px) 100vw, 495px\" \/><\/a><div class=\"slide-content\"><header class=\"entry-content-header\"><h3 class='slide-entry-title entry-title ' ><a href='https:\/\/tanweir.net\/es\/hbo-cuentas-gratis' title='m\u00e1s de 99 HBO cuentas gratis Diciembre de 2025 [100% operativas]'>m\u00e1s de 99 HBO cuentas gratis Diciembre de 2025 [100% operativas]<\/a><\/h3><span class=\"blog-categories minor-meta\"><a href=\"https:\/\/tanweir.net\/es\/peliculas\" rel=\"tag\">pel\u00edculas<\/a> <\/span><span class=\"av-vertical-delimiter\"><\/span><\/header><\/div><footer class=\"entry-footer\"><\/footer><\/article><article class='slide-entry flex_column  post-entry post-entry-51622 slide-entry-overview slide-loop-8 slide-parity-even  post-entry-last  av_one_third  real-thumbnail posttype-post post-format-standard' ><a href='https:\/\/tanweir.net\/es\/mots-de-passe-netflix' data-rel='slide-1' class='slide-image' title='Mots de passe Netflix et comptes gratuits- Liste des comptes Netflix Premium aujourd&#8217;hui &#8211; 2025'><img decoding=\"async\" width=\"495\" height=\"400\" src=\"https:\/\/tanweir.net\/wp-content\/uploads\/2022\/10\/freestocks-11SgH7U6TmI-unsplash-495x400.jpg\" class=\"wp-image-51629 avia-img-lazy-loading-not-51629 attachment-portfolio size-portfolio wp-post-image\" alt=\"compte netflix gratuit\" srcset=\"https:\/\/tanweir.net\/wp-content\/uploads\/2022\/10\/freestocks-11SgH7U6TmI-unsplash-495x400.jpg 495w, https:\/\/tanweir.net\/wp-content\/uploads\/2022\/10\/freestocks-11SgH7U6TmI-unsplash-845x684.jpg 845w\" sizes=\"(max-width: 495px) 100vw, 495px\" \/><\/a><div class=\"slide-content\"><header class=\"entry-content-header\"><h3 class='slide-entry-title entry-title ' ><a href='https:\/\/tanweir.net\/es\/mots-de-passe-netflix' title='Mots de passe Netflix et comptes gratuits- Liste des comptes Netflix Premium aujourd&#8217;hui &#8211; 2025'>Mots de passe Netflix et comptes gratuits- Liste des comptes Netflix Premium aujourd&#8217;hui &#8211; 2025<\/a><\/h3><span class=\"blog-categories minor-meta\"><a href=\"https:\/\/tanweir.net\/es\/peliculas\" rel=\"tag\">pel\u00edculas<\/a>, <a href=\"https:\/\/tanweir.net\/world\" rel=\"tag\">World<\/a> <\/span><span class=\"av-vertical-delimiter\"><\/span><\/header><\/div><footer class=\"entry-footer\"><\/footer><\/article><\/div><\/div><\/div>\n","protected":false},"excerpt":{"rendered":"","protected":false},"author":1,"featured_media":0,"parent":0,"menu_order":0,"comment_status":"closed","ping_status":"closed","template":"","meta":{"_seopress_robots_primary_cat":"","_seopress_titles_title":"Blog en espa\u00f1ol | Tanweir para servicios de traducci\u00f3n","_seopress_titles_desc":"","_seopress_robots_index":"","footnotes":""},"class_list":["post-49095","page","type-page","status-publish"],"_links":{"self":[{"href":"https:\/\/tanweir.net\/es\/wp-json\/wp\/v2\/pages\/49095","targetHints":{"allow":["GET"]}}],"collection":[{"href":"https:\/\/tanweir.net\/es\/wp-json\/wp\/v2\/pages"}],"about":[{"href":"https:\/\/tanweir.net\/es\/wp-json\/wp\/v2\/types\/page"}],"author":[{"embeddable":true,"href":"https:\/\/tanweir.net\/es\/wp-json\/wp\/v2\/users\/1"}],"replies":[{"embeddable":true,"href":"https:\/\/tanweir.net\/es\/wp-json\/wp\/v2\/comments?post=49095"}],"version-history":[{"count":5,"href":"https:\/\/tanweir.net\/es\/wp-json\/wp\/v2\/pages\/49095\/revisions"}],"predecessor-version":[{"id":58618,"href":"https:\/\/tanweir.net\/es\/wp-json\/wp\/v2\/pages\/49095\/revisions\/58618"}],"wp:attachment":[{"href":"https:\/\/tanweir.net\/es\/wp-json\/wp\/v2\/media?parent=49095"}],"curies":[{"name":"wp","href":"https:\/\/api.w.org\/{rel}","templated":true}]}}